{"id":34019,"date":"2021-10-19T14:59:27","date_gmt":"2021-10-19T14:59:27","guid":{"rendered":"https:\/\/www.foofwa.com\/glocal-2018-2020\/dancewalk\/"},"modified":"2022-02-02T22:50:05","modified_gmt":"2022-02-02T22:50:05","slug":"","status":"publish","type":"page","link":"https:\/\/dev2023.foofwa.com\/en\/glocal-2018-2020\/dancewalk\/","title":{"rendered":"","raw":""},"content":{"rendered":"<h6><b><i>Dancewalk,\u00a0<\/i><\/b><b>is dance as voyage,\u00a0<\/b><b>everywhere in the world. <\/b><span style=\"font-weight: 400;\">A geographic inscription of body and dance, an activity where walking becomes dancing, where dancing is always forward-going, for several kilometers and several hours, through a city or a landscape. <\/span><i><span style=\"font-weight: 400;\">Dancewalk <\/span><\/i><span style=\"font-weight: 400;\">has been performed by Foofwa since 2015 in various contexts and locations, sometimes with other professional dancers, workshop participants and with local collaborating musicians.\u00a0<\/span><span style=\"font-weight: 400;\">For Foofwa, dancewalking is a challenge to normative aesthetic of dancing. Because of its unusual kinesthetic, choreographic and conceptual dimensions.\u00a0<\/span><span style=\"font-weight: 400;\">Movement-wise, dancewalking finds a new kinesthetic coordination combining walking and dancing; it thinks dance in a qualitative and quantitative way; it is an opening to all kinds of movements (those of dynamics and power as much as those of vulnerability and tiredness). It emanates from an extreme training (who is rehearsing for a show by dancing 100 or 200 kilometers?), but it is actualized, at the moment of the performance, by a sensitive listening of the energies and desires of the body-mind in interaction with the context and the environment.\u00a0<\/span><span style=\"font-weight: 400;\">At the choreographic level, the dancewalk can be considered as a redefinition of performance in its artistic as well as athletic terms; but also as a metaphor of one&#8217;s own destiny through life (&#8220;the way of the course of our life&#8221;). In addition, it enters the dance in a geographical way: one can read for example its choreographic movements thanks to a GPS recording on a map.\u00a0<\/span><span style=\"font-weight: 400;\">Conceptually, the dancewalk realizes a new choreographic relationship to duration and space, stretching them to the extreme. It considers time in terms of several, even tens, hours and thinks space in terms of distances in tens, or even hundreds, of kilometers.\u00a0<\/span><span style=\"font-weight: 400;\">The dancewalk interacts with the world and reality in a permeability that is rarely possible in dance or on stage, with a &#8220;decor&#8221; constantly scrolling and changing ; hundreds (sometimes thousands) of spectators, either warned or accidental; real dialogues with things and people; an immediate relationship with the unpredictability of life.\u00a0<\/span><span style=\"font-weight: 400;\">In 2017, the dancewalks became more social, more political. By interacting closely with the organizers, Foofwa carefully prepares and adapts some dancewalks to the city, its inhabitants and the context in which they take place. He collaborates with local musicians. On site, he gives dancewalk workshops to anyone curious, and invites them to join him during the performance. The festive and liberating side of the dancewalk stands out more strongly. The dividing line between performer and spectator is blurred.\u00a0<\/span><span style=\"font-weight: 400;\">For the coming years, in collaboration with structures and partners around the world, Foofwa wants to create very specific or large-scale dancewalking projects.<\/span><\/h6>\n","protected":false,"raw":"<h6><b><i>Dancewalk,\u00a0<\/i><\/b><b>is dance as voyage,\u00a0<\/b><b>everywhere in the world. <\/b><span style=\"font-weight: 400;\">A geographic inscription of body and dance, an activity where walking becomes dancing, where dancing is always forward-going, for several kilometers and several hours, through a city or a landscape. <\/span><i><span style=\"font-weight: 400;\">Dancewalk <\/span><\/i><span style=\"font-weight: 400;\">has been performed by Foofwa since 2015 in various contexts and locations, sometimes with other professional dancers, workshop participants and with local collaborating musicians.\u00a0<\/span><span style=\"font-weight: 400;\">For Foofwa, dancewalking is a challenge to normative aesthetic of dancing. Because of its unusual kinesthetic, choreographic and conceptual dimensions.\u00a0<\/span><span style=\"font-weight: 400;\">Movement-wise, dancewalking finds a new kinesthetic coordination combining walking and dancing; it thinks dance in a qualitative and quantitative way; it is an opening to all kinds of movements (those of dynamics and power as much as those of vulnerability and tiredness). It emanates from an extreme training (who is rehearsing for a show by dancing 100 or 200 kilometers?), but it is actualized, at the moment of the performance, by a sensitive listening of the energies and desires of the body-mind in interaction with the context and the environment.\u00a0<\/span><span style=\"font-weight: 400;\">At the choreographic level, the dancewalk can be considered as a redefinition of performance in its artistic as well as athletic terms; but also as a metaphor of one's own destiny through life (\"the way of the course of our life\"). In addition, it enters the dance in a geographical way: one can read for example its choreographic movements thanks to a GPS recording on a map.\u00a0<\/span><span style=\"font-weight: 400;\">Conceptually, the dancewalk realizes a new choreographic relationship to duration and space, stretching them to the extreme. It considers time in terms of several, even tens, hours and thinks space in terms of distances in tens, or even hundreds, of kilometers.\u00a0<\/span><span style=\"font-weight: 400;\">The dancewalk interacts with the world and reality in a permeability that is rarely possible in dance or on stage, with a \"decor\" constantly scrolling and changing ; hundreds (sometimes thousands) of spectators, either warned or accidental; real dialogues with things and people; an immediate relationship with the unpredictability of life.\u00a0<\/span><span style=\"font-weight: 400;\">In 2017, the dancewalks became more social, more political. By interacting closely with the organizers, Foofwa carefully prepares and adapts some dancewalks to the city, its inhabitants and the context in which they take place. He collaborates with local musicians. On site, he gives dancewalk workshops to anyone curious, and invites them to join him during the performance. The festive and liberating side of the dancewalk stands out more strongly. The dividing line between performer and spectator is blurred.\u00a0<\/span><span style=\"font-weight: 400;\">For the coming years, in collaboration with structures and partners around the world, Foofwa wants to create very specific or large-scale dancewalking projects.<\/span><\/h6>"},"excerpt":{"rendered":"","protected":false,"raw":""},"author":1,"featured_media":0,"parent":12692,"menu_order":0,"comment_status":"closed","ping_status":"closed","template":"","meta":{"_fr_post_content":"<h6><b><i>Dancewalk,\u00a0<\/i><\/b><b>c\u2019est la danse en voyage,\u00a0<\/b><b>partout dans le monde. <\/b>Une inscription g\u00e9ographique du corps et de la danse, une activit\u00e9 o\u00f9 la marche devient danse, o\u00f9 la danse avance toujours, sur plusieurs kilom\u00e8tres et pendant plusieurs heures, \u00e0 travers une ville ou un paysage. La <i>Dancewalk<\/i> est perform\u00e9e par Foofwa depuis 2015 dans diff\u00e9rents lieux et dans divers contextes, parfois avec d\u2019autres danseurs professionnels, ou encore en compagnie des participants des ateliers et avec la pr\u00e9cieuse collaboration de musiciens locaux.\u00a0Pour Foofwa d\u2019Imobilit\u00e9, dancewalker est un d\u00e9fi \u00e0 l\u2019esth\u00e9tique normative de la danse dans ses dimensions kinesth\u00e9siques, chor\u00e9graphiques et conceptuelles.\u00a0Au niveau du mouvement, la Dancewalk invente une nouvelle coordination kinesth\u00e9sique alliant la marche et la danse ; elle pense la danse de mani\u00e8re autant qualitative que quantitative ; elle est une ouverture \u00e0 toutes sortes de mouvements (ceux de la dynamique et de la puissance autant que ceux de la vuln\u00e9rabilit\u00e9 et de la fatigue). Elle \u00e9mane d\u2019un entra\u00eenement extr\u00eame (qui se pr\u00e9pare pour un spectacle en dansant 100 ou 200 kilom\u00e8tres ?), mais est actu\u00e9e, au moment de la performance, par une \u00e9coute sensible des \u00e9nergies et d\u00e9sirs du corps-esprit en interaction avec le contexte et l\u2019environnement.\u00a0Au niveau chor\u00e9graphique, la Dancewalk peut \u00eatre consid\u00e9r\u00e9e comme une red\u00e9finition de la performance dans ses termes artistiques autant qu\u2019athl\u00e9tiques ; mais aussi comme une m\u00e9taphore de l\u2019inscription de notre destin\u00e9e (\u00ab le chemin du cours de notre vie \u00bb). En outre, elle inscrit la danse de mani\u00e8re g\u00e9ographique: on peut lire par exemple ses d\u00e9placements chor\u00e9graphiques gr\u00e2ce \u00e0 un enregistrement GPS sur une carte.\u00a0Au niveau conceptuel, la Dancewalk r\u00e9alise une nouvelle relation chor\u00e9graphique \u00e0 la dur\u00e9e et \u00e0 l\u2019espace, en les \u00e9tirant \u00e0 l\u2019extr\u00eame. Car elle consid\u00e8re le temps en termes de plusieurs, voire des dizaines, d\u2019heures et pense l\u2019espace en termes de distances en dizaines, voire centaines, de kilom\u00e8tres.\u00a0La Dancewalk interagit avec le monde et la r\u00e9alit\u00e9 dans une perm\u00e9abilit\u00e9 rarement possible en danse ou sur sc\u00e8ne, avec un \u00ab d\u00e9cor \u00bb d\u00e9filant et changeant sans cesse ; des centaines (parfois des milliers) de spectateurs, soit avertis soit accidentels ; des dialogues r\u00e9els avec les choses et les gens ; une relation imm\u00e9diate avec l\u2019impr\u00e9visibilit\u00e9 de la vie.\u00a0En 2017, les Dancewalks sont devenues plus sociales, plus politiques. En dialoguant \u00e9troitement avec les organisateurs, Foofwa pr\u00e9pare soigneusement et adapte sensiblement certaines Dancewalks \u00e0 la ville, \u00e0 ses habitants, au contexte o\u00f9 elles se d\u00e9roulent. Il collabore avec des musiciens locaux. Sur place, il donne des ateliers de Dancewalk \u00e0 toute personne curieuse, et les invite ensuite \u00e0 le rejoindre lors de la performance. Le c\u00f4t\u00e9 festif et lib\u00e9ratoire de la Dancewalk ressort plus fortement. Les fronti\u00e8res entre art et r\u00e9alit\u00e9 sont flout\u00e9es. Les r\u00f4les du performer et celui du spectateur se voient chamboul\u00e9s. Pour les ann\u00e9es \u00e0 venir, en collaboration avec les structures et les partenaires locaux \u00e0 travers le monde, Foofwa veut cr\u00e9er des Dancewalk d\u2019envergure ayant une identit\u00e9 propre.<\/h6>","_fr_post_name":"dancewalk","_fr_post_excerpt":"","_fr_post_title":"Dancewalk","_en_post_content":"<h6><b><i>Dancewalk,\u00a0<\/i><\/b><b>is dance as voyage,\u00a0<\/b><b>everywhere in the world. <\/b><span style=\"font-weight: 400;\">A geographic inscription of body and dance, an activity where walking becomes dancing, where dancing is always forward-going, for several kilometers and several hours, through a city or a landscape. <\/span><i><span style=\"font-weight: 400;\">Dancewalk <\/span><\/i><span style=\"font-weight: 400;\">has been performed by Foofwa since 2015 in various contexts and locations, sometimes with other professional dancers, workshop participants and with local collaborating musicians.\u00a0<\/span><span style=\"font-weight: 400;\">For Foofwa, dancewalking is a challenge to normative aesthetic of dancing. Because of its unusual kinesthetic, choreographic and conceptual dimensions.\u00a0<\/span><span style=\"font-weight: 400;\">Movement-wise, dancewalking finds a new kinesthetic coordination combining walking and dancing; it thinks dance in a qualitative and quantitative way; it is an opening to all kinds of movements (those of dynamics and power as much as those of vulnerability and tiredness). It emanates from an extreme training (who is rehearsing for a show by dancing 100 or 200 kilometers?), but it is actualized, at the moment of the performance, by a sensitive listening of the energies and desires of the body-mind in interaction with the context and the environment.\u00a0<\/span><span style=\"font-weight: 400;\">At the choreographic level, the dancewalk can be considered as a redefinition of performance in its artistic as well as athletic terms; but also as a metaphor of one's own destiny through life (\"the way of the course of our life\"). In addition, it enters the dance in a geographical way: one can read for example its choreographic movements thanks to a GPS recording on a map.\u00a0<\/span><span style=\"font-weight: 400;\">Conceptually, the dancewalk realizes a new choreographic relationship to duration and space, stretching them to the extreme. It considers time in terms of several, even tens, hours and thinks space in terms of distances in tens, or even hundreds, of kilometers.\u00a0<\/span><span style=\"font-weight: 400;\">The dancewalk interacts with the world and reality in a permeability that is rarely possible in dance or on stage, with a \"decor\" constantly scrolling and changing ; hundreds (sometimes thousands) of spectators, either warned or accidental; real dialogues with things and people; an immediate relationship with the unpredictability of life.\u00a0<\/span><span style=\"font-weight: 400;\">In 2017, the dancewalks became more social, more political. By interacting closely with the organizers, Foofwa carefully prepares and adapts some dancewalks to the city, its inhabitants and the context in which they take place. He collaborates with local musicians. On site, he gives dancewalk workshops to anyone curious, and invites them to join him during the performance. The festive and liberating side of the dancewalk stands out more strongly. The dividing line between performer and spectator is blurred.\u00a0<\/span><span style=\"font-weight: 400;\">For the coming years, in collaboration with structures and partners around the world, Foofwa wants to create very specific or large-scale dancewalking projects.<\/span><\/h6>","_en_post_name":"","_en_post_excerpt":"","_en_post_title":"","edit_language":"en"},"acf":[],"_links":{"self":[{"href":"https:\/\/dev2023.foofwa.com\/en\/wp-json\/wp\/v2\/pages\/34019"}],"collection":[{"href":"https:\/\/dev2023.foofwa.com\/en\/wp-json\/wp\/v2\/pages"}],"about":[{"href":"https:\/\/dev2023.foofwa.com\/en\/wp-json\/wp\/v2\/types\/page"}],"author":[{"embeddable":true,"href":"https:\/\/dev2023.foofwa.com\/en\/wp-json\/wp\/v2\/users\/1"}],"replies":[{"embeddable":true,"href":"https:\/\/dev2023.foofwa.com\/en\/wp-json\/wp\/v2\/comments?post=34019"}],"version-history":[{"count":3,"href":"https:\/\/dev2023.foofwa.com\/en\/wp-json\/wp\/v2\/pages\/34019\/revisions"}],"predecessor-version":[{"id":34436,"href":"https:\/\/dev2023.foofwa.com\/en\/wp-json\/wp\/v2\/pages\/34019\/revisions\/34436"}],"up":[{"embeddable":true,"href":"https:\/\/dev2023.foofwa.com\/en\/wp-json\/wp\/v2\/pages\/12692"}],"wp:attachment":[{"href":"https:\/\/dev2023.foofwa.com\/en\/wp-json\/wp\/v2\/media?parent=34019"}],"curies":[{"name":"wp","href":"https:\/\/api.w.org\/{rel}","templated":true}]}}