{"id":34044,"date":"2021-10-19T16:01:36","date_gmt":"2021-10-19T16:01:36","guid":{"rendered":"https:\/\/www.foofwa.com\/artiviste\/"},"modified":"2022-01-27T16:29:44","modified_gmt":"2022-01-27T16:29:44","slug":"","status":"publish","type":"page","link":"https:\/\/dev2023.foofwa.com\/en\/artiviste\/","title":{"rendered":"ARTIVIST","raw":"ARTIVIST"},"content":{"rendered":"<h3>ART &amp; ACTIVISM<\/h3>\n<p>Create, perform, choreograph, dance outdoors for a cause in its most visible, public and citizen expression.<\/p>\n<p>Put art at the service of activists and demonstrators, join their actions by using a way to communicate between political slogan and artistic expression.<\/p>\n<p>And finally, give a renewed meaning to both the dancing artist and the activist, by creating a hybrid being of a new kind: <em>THE DANCING ARTIVIST<\/em>, be the one who takes the question of the &#8220;Res publica&#8221;, of politics and of the affairs of the City, with the elbow and the whole body grease.<\/p>\n<p>&#8220;Non-utilitarian&#8221;, the movement becomes relation to the utility of the things, the metaphor becomes action that demands reaction in the reality of the world, the symbolic gets married to the concrete of the activities of the City.<\/p>\n<h3>Four opuses<\/h3>\n<h6><a href=\"https:\/\/www.foofwa.com\/production\/halo-de-fraicheur\/\"><em>Halo de Fra\u00eecheur<\/em><\/a><\/h6>\n<h6><a href=\"https:\/\/www.foofwa.com\/production\/balarm\/\"><em>BALARM<\/em><\/a><\/h6>\n<h6><a href=\"https:\/\/www.foofwa.com\/production\/accorps\/\"><em>ACCORPS<\/em><\/a><\/h6>\n<h6><em><a href=\"https:\/\/www.foofwa.com\/production\/dancewalk-artiviste\/\">Dancewalk \u2013 Artiviste<\/a><\/em><\/h6>\n","protected":false,"raw":"<h3>ART &amp; ACTIVISM<\/h3>\r\nCreate, perform, choreograph, dance outdoors for a cause in its most visible, public and citizen expression.\r\n\r\nPut art at the service of activists and demonstrators, join their actions by using a way to communicate between political slogan and artistic expression.\r\n\r\nAnd finally, give a renewed meaning to both the dancing artist and the activist, by creating a hybrid being of a new kind: <em>THE DANCING ARTIVIST<\/em>, be the one who takes the question of the \"Res publica\", of politics and of the affairs of the City, with the elbow and the whole body grease.\r\n\r\n\"Non-utilitarian\", the movement becomes relation to the utility of the things, the metaphor becomes action that demands reaction in the reality of the world, the symbolic gets married to the concrete of the activities of the City.\r\n<h3>Four opuses<\/h3>\r\n<h6><a href=\"https:\/\/www.foofwa.com\/production\/halo-de-fraicheur\/\"><em>Halo de Fra\u00eecheur<\/em><\/a><\/h6>\r\n<h6><a href=\"https:\/\/www.foofwa.com\/production\/balarm\/\"><em>BALARM<\/em><\/a><\/h6>\r\n<h6><a href=\"https:\/\/www.foofwa.com\/production\/accorps\/\"><em>ACCORPS<\/em><\/a><\/h6>\r\n<h6><em><a href=\"https:\/\/www.foofwa.com\/production\/dancewalk-artiviste\/\">Dancewalk \u2013 Artiviste<\/a><\/em><\/h6>"},"excerpt":{"rendered":"","protected":false,"raw":""},"author":1,"featured_media":0,"parent":0,"menu_order":0,"comment_status":"closed","ping_status":"closed","template":"","meta":{"_fr_post_content":"<h3><span style=\"font-family: georgia, palatino, serif;\">ART &amp; ACTIVISME<\/span><\/h3>\r\n<span style=\"font-size: 12pt; font-family: georgia, palatino, serif;\">Cr\u00e9er, performer, chor\u00e9graphier, danser en ext\u00e9rieur pour une cause dans son expression la plus visible, publique et citoyenne.\u00a0<\/span>\r\n\r\n<span style=\"font-size: 12pt; font-family: georgia, palatino, serif;\">Mettre l'art au service des militant*es et des manifestant*es, rejoindre leurs actions en utilisant une mani\u00e8re de communiquer entre slogan politique et expression artistique. <\/span>\r\n\r\n<span style=\"font-size: 12pt; font-family: georgia, palatino, serif;\">Et finalement donner un sens renouvel\u00e9 \u00e0 la fois \u00e0 l\u2019artiste dansant et \u00e0 l\u2019activiste, en cr\u00e9ant un \u00eatre hybride d\u2019un genre nouveau: <em>L\u2019ARTIVISTE DANSANT<\/em>, l\u2019\u00eatre qui prend la question de la \"Res publica\", de la politique et des affaires de la cit\u00e9, \u00e0 bras le \"chor\u00e9graphique\".<\/span>\r\n\r\n<span style=\"font-size: 12pt; font-family: georgia, palatino, serif;\">\"Non-utilitaire\", le mouvement devient relation \u00e0 l\u2019utilit\u00e9 des choses, la m\u00e9taphore devient action qui demande r\u00e9action dans la r\u00e9alit\u00e9 du monde, le symbolique se marie au concret des activit\u00e9s de la Cit\u00e9.<\/span>\r\n<h3><span style=\"font-family: georgia, palatino, serif;\">Quatre opus<\/span><\/h3>\r\n<h6><span style=\"font-family: georgia, palatino, serif;\"><a href=\"https:\/\/www.foofwa.com\/production\/halo-de-fraicheur\/\"><em>Halo de Fra\u00eecheur<\/em><\/a><\/span><\/h6>\r\n<h6><span style=\"font-family: georgia, palatino, serif;\"><a href=\"https:\/\/www.foofwa.com\/production\/balarm\/\"><em>BALARM<\/em><\/a><\/span><\/h6>\r\n<h6><span style=\"font-family: georgia, palatino, serif;\"><a href=\"https:\/\/www.foofwa.com\/production\/accorps\/\"><em>ACCORPS<\/em><\/a><\/span><\/h6>\r\n<h6><span style=\"font-family: georgia, palatino, serif;\"><em><a href=\"https:\/\/www.foofwa.com\/production\/dancewalk-artiviste\/\">Dancewalk \u2013 Artiviste<\/a><\/em><\/span><\/h6>","_fr_post_name":"artiviste","_fr_post_excerpt":"","_fr_post_title":"ARTIVISTE","_en_post_content":"<h3>ART &amp; ACTIVISM<\/h3>\r\nCreate, perform, choreograph, dance outdoors for a cause in its most visible, public and citizen expression.\r\n\r\nPut art at the service of activists and demonstrators, join their actions by using a way to communicate between political slogan and artistic expression.\r\n\r\nAnd finally, give a renewed meaning to both the dancing artist and the activist, by creating a hybrid being of a new kind: <em>THE DANCING ARTIVIST<\/em>, be the one who takes the question of the \"Res publica\", of politics and of the affairs of the City, with the elbow and the whole body grease.\r\n\r\n\"Non-utilitarian\", the movement becomes relation to the utility of the things, the metaphor becomes action that demands reaction in the reality of the world, the symbolic gets married to the concrete of the activities of the City.\r\n<h3>Four opuses<\/h3>\r\n<h6><a href=\"https:\/\/www.foofwa.com\/production\/halo-de-fraicheur\/\"><em>Halo de Fra\u00eecheur<\/em><\/a><\/h6>\r\n<h6><a href=\"https:\/\/www.foofwa.com\/production\/balarm\/\"><em>BALARM<\/em><\/a><\/h6>\r\n<h6><a href=\"https:\/\/www.foofwa.com\/production\/accorps\/\"><em>ACCORPS<\/em><\/a><\/h6>\r\n<h6><em><a href=\"https:\/\/www.foofwa.com\/production\/dancewalk-artiviste\/\">Dancewalk \u2013 Artiviste<\/a><\/em><\/h6>","_en_post_name":"","_en_post_excerpt":"","_en_post_title":"ARTIVIST","edit_language":"en"},"acf":[],"_links":{"self":[{"href":"https:\/\/dev2023.foofwa.com\/en\/wp-json\/wp\/v2\/pages\/34044"}],"collection":[{"href":"https:\/\/dev2023.foofwa.com\/en\/wp-json\/wp\/v2\/pages"}],"about":[{"href":"https:\/\/dev2023.foofwa.com\/en\/wp-json\/wp\/v2\/types\/page"}],"author":[{"embeddable":true,"href":"https:\/\/dev2023.foofwa.com\/en\/wp-json\/wp\/v2\/users\/1"}],"replies":[{"embeddable":true,"href":"https:\/\/dev2023.foofwa.com\/en\/wp-json\/wp\/v2\/comments?post=34044"}],"version-history":[{"count":12,"href":"https:\/\/dev2023.foofwa.com\/en\/wp-json\/wp\/v2\/pages\/34044\/revisions"}],"predecessor-version":[{"id":34399,"href":"https:\/\/dev2023.foofwa.com\/en\/wp-json\/wp\/v2\/pages\/34044\/revisions\/34399"}],"wp:attachment":[{"href":"https:\/\/dev2023.foofwa.com\/en\/wp-json\/wp\/v2\/media?parent=34044"}],"curies":[{"name":"wp","href":"https:\/\/api.w.org\/{rel}","templated":true}]}}