{"id":34369,"date":"2022-01-25T15:16:28","date_gmt":"2022-01-25T15:16:28","guid":{"rendered":"https:\/\/www.foofwa.com\/?page_id=34369"},"modified":"2022-09-19T13:26:32","modified_gmt":"2022-09-19T13:26:32","slug":"","status":"publish","type":"page","link":"https:\/\/dev2023.foofwa.com\/en\/projet-partenart\/","title":{"rendered":"","raw":""},"content":{"rendered":"<p><span style=\"font-size: 14pt;\"><strong>In the continuity of <a href=\"https:\/\/www.foofwa.com\/en\/glocal-2018-2020\/\" target=\"_blank\" rel=\"noopener\">GLocal<\/a>, PARTENART 22-24 was a new three-year project of the company, supported by the City and the Canton of Geneva, in artistic collaboration with the Association Danse Neuch\u00e2tel. Like <a href=\"https:\/\/www.foofwa.com\/en\/glocal-2018-2020\/\" target=\"_blank\" rel=\"noopener\">GLocal<\/a>, the goal of this project was to reach out to others in an ever more conscious, responsible and humble way, developing production relationships and touring strategies oriented towards encounter, dialogue, exchange and collaboration. PARTENART 2022-24 was intended to give greater emphasis to extended temporalities, and greater sustainability in the partnerships.<\/strong><\/span><\/p>\n<p><span style=\"font-size: 14pt;\"><strong>This project had to be cancelled in March 2022. An archive of the artistic projects related to this company&#8217;s project can be found <a href=\"https:\/\/www.foofwa.com\/en\/glocal-2018-2020\/productions\/\" target=\"_blank\" rel=\"noopener\">HERE<\/a>.<\/strong><\/span><\/p>","protected":false,"raw":"<span style=\"font-size: 14pt;\"><strong>In the continuity of <a href=\"https:\/\/www.foofwa.com\/en\/glocal-2018-2020\/\" target=\"_blank\" rel=\"noopener\">GLocal<\/a>, PARTENART 22-24 was a new three-year project of the company, supported by the City and the Canton of Geneva, in artistic collaboration with the Association Danse Neuch\u00e2tel. Like <a href=\"https:\/\/www.foofwa.com\/en\/glocal-2018-2020\/\" target=\"_blank\" rel=\"noopener\">GLocal<\/a>, the goal of this project was to reach out to others in an ever more conscious, responsible and humble way, developing production relationships and touring strategies oriented towards encounter, dialogue, exchange and collaboration. PARTENART 2022-24 was intended to give greater emphasis to extended temporalities, and greater sustainability in the partnerships.<\/strong><\/span>\r\n\r\n<span style=\"font-size: 14pt;\"><strong>This project had to be cancelled in March 2022. An archive of the artistic projects related to this company's project can be found <a href=\"https:\/\/www.foofwa.com\/en\/glocal-2018-2020\/productions\/\" target=\"_blank\" rel=\"noopener\">HERE<\/a>.<\/strong><\/span>\r\n\r\n&nbsp;"},"excerpt":{"rendered":"","protected":false,"raw":""},"author":1,"featured_media":0,"parent":0,"menu_order":0,"comment_status":"closed","ping_status":"closed","template":"","meta":{"_fr_post_content":"<p class=\"p1\"><span style=\"font-size: 14pt;\"><strong><span class=\"s1\">Dans la continuit\u00e9 de <a href=\"https:\/\/www.foofwa.com\/glocal-2018-2020\/\" target=\"_blank\" rel=\"noopener\"><span class=\"s2\">GLocal<\/span><\/a>, PARTENART 22-24 \u00e9tait un nouveau projet triennal de la compagnie, soutenu par la Ville et le Canton de Gen\u00e8ve, en compagnonnage artistique avec l'Association Danse Neuch\u00e2tel. A l'instar de <a href=\"https:\/\/www.foofwa.com\/en\/glocal-2018-2020\/\" target=\"_blank\" rel=\"noopener\">GLocal<\/a>, le but de ce projet \u00e9tait d'aller vers l'autre de mani\u00e8re toujours plus consciente, responsable et humble, en d\u00e9veloppant des relations de production et des strat\u00e9gies de tourn\u00e9e orient\u00e9es vers la rencontre, le dialogue, l'\u00e9change et la collaboration. PARTENART 2022-24 se voulait donner un accent plus marqu\u00e9 sur des temporalit\u00e9s \u00e9tendues, et une plus grande durabilit\u00e9 des partenariats.<\/span><\/strong><\/span><\/p>\r\n<span style=\"font-size: 14pt;\"><strong>Ce projet a d\u00fb \u00eatre annul\u00e9 d\u00e8s mars 2022. Un archivage des projets artistiques li\u00e9s \u00e0 ce projet peut \u00eatre consult\u00e9 <a href=\"https:\/\/www.foofwa.com\/glocal-2018-2020\/productions\/\" target=\"_blank\" rel=\"noopener\">ICI<\/a>.<\/strong><\/span>","_fr_post_name":"projet-partenart","_fr_post_excerpt":"","_fr_post_title":"PARTENART 2022-24","_en_post_content":"<span style=\"font-size: 14pt;\"><strong>In the continuity of <a href=\"https:\/\/www.foofwa.com\/en\/glocal-2018-2020\/\" target=\"_blank\" rel=\"noopener\">GLocal<\/a>, PARTENART 22-24 was a new three-year project of the company, supported by the City and the Canton of Geneva, in artistic collaboration with the Association Danse Neuch\u00e2tel. Like <a href=\"https:\/\/www.foofwa.com\/en\/glocal-2018-2020\/\" target=\"_blank\" rel=\"noopener\">GLocal<\/a>, the goal of this project was to reach out to others in an ever more conscious, responsible and humble way, developing production relationships and touring strategies oriented towards encounter, dialogue, exchange and collaboration. PARTENART 2022-24 was intended to give greater emphasis to extended temporalities, and greater sustainability in the partnerships.<\/strong><\/span>\r\n\r\n<span style=\"font-size: 14pt;\"><strong>This project had to be cancelled in March 2022. An archive of the artistic projects related to this company's project can be found <a href=\"https:\/\/www.foofwa.com\/en\/glocal-2018-2020\/productions\/\" target=\"_blank\" rel=\"noopener\">HERE<\/a>.<\/strong><\/span>\r\n\r\n&nbsp;","_en_post_name":"","_en_post_excerpt":"","_en_post_title":"","edit_language":"en"},"acf":[],"_links":{"self":[{"href":"https:\/\/dev2023.foofwa.com\/en\/wp-json\/wp\/v2\/pages\/34369"}],"collection":[{"href":"https:\/\/dev2023.foofwa.com\/en\/wp-json\/wp\/v2\/pages"}],"about":[{"href":"https:\/\/dev2023.foofwa.com\/en\/wp-json\/wp\/v2\/types\/page"}],"author":[{"embeddable":true,"href":"https:\/\/dev2023.foofwa.com\/en\/wp-json\/wp\/v2\/users\/1"}],"replies":[{"embeddable":true,"href":"https:\/\/dev2023.foofwa.com\/en\/wp-json\/wp\/v2\/comments?post=34369"}],"version-history":[{"count":18,"href":"https:\/\/dev2023.foofwa.com\/en\/wp-json\/wp\/v2\/pages\/34369\/revisions"}],"predecessor-version":[{"id":34773,"href":"https:\/\/dev2023.foofwa.com\/en\/wp-json\/wp\/v2\/pages\/34369\/revisions\/34773"}],"wp:attachment":[{"href":"https:\/\/dev2023.foofwa.com\/en\/wp-json\/wp\/v2\/media?parent=34369"}],"curies":[{"name":"wp","href":"https:\/\/api.w.org\/{rel}","templated":true}]}}