{"id":9600,"date":"2015-10-26T16:44:39","date_gmt":"2015-10-26T16:44:39","guid":{"rendered":"http:\/\/www.foofwa.com\/fr\/?page_id=9600"},"modified":"2021-10-20T13:28:47","modified_gmt":"2021-10-20T13:28:47","slug":"","status":"publish","type":"page","link":"https:\/\/dev2023.foofwa.com\/en\/utileinutile\/","title":{"rendered":"","raw":""},"content":{"rendered":"<div class=\"endOfContent\">Utile\/Inutile is a vast project focused on creation, pedagogy, mediation, historiography and the next generation of choreographers. A three-year project in collaboration with a different group of dancers each year. The aim is to make each group the first place of professional engagement for young dancers, to strengthen their knowledge of dance history, to develop their capacities as performers and creators, to enhance the exchange between experienced professionals and young artists and to secure employment for some of them.<\/div>\n","protected":false,"raw":"<div class=\"endOfContent\">Utile\/Inutile is a vast project focused on creation, pedagogy, mediation, historiography and the next generation of choreographers. A three-year project in collaboration with a different group of dancers each year. The aim is to make each group the first place of professional engagement for young dancers, to strengthen their knowledge of dance history, to develop their capacities as performers and creators, to enhance the exchange between experienced professionals and young artists and to secure employment for some of them.<\/div>"},"excerpt":{"rendered":"","protected":false,"raw":""},"author":1,"featured_media":0,"parent":0,"menu_order":0,"comment_status":"open","ping_status":"open","template":"","meta":{"_fr_post_content":"<h6 class=\"textLayer\">Utile\/Inutile est un vaste projet centr\u00e9 sur la cr\u00e9ation, la p\u00e9dagogie, la m\u00e9diation, l'historiographie et la rel\u00e8ve chor\u00e9graphique. Un projet sur trois ans en collaboration avec un groupe de danseur.euse diff\u00e9rent chaque ann\u00e9e. Le but en est de faire pour chaque groupe le premier lieu d\u2019engagement professionnel de jeunes danseurs, de renforcer leurs connaissances en histoire de la danse, de d\u00e9velopper leurs capacit\u00e9s d\u2019interpr\u00e8tes et de cr\u00e9ateurs, de valoriser l\u2019\u00e9change entre professionnels exp\u00e9riment\u00e9s et jeunes artistes et de p\u00e9renniser l\u2019emploi pour quelques-un.es.<\/h6>","_fr_post_name":"utileinutile","_fr_post_excerpt":"","_fr_post_title":"Utile\/Inutile","_en_post_content":"<div class=\"endOfContent\">Utile\/Inutile is a vast project focused on creation, pedagogy, mediation, historiography and the next generation of choreographers. A three-year project in collaboration with a different group of dancers each year. The aim is to make each group the first place of professional engagement for young dancers, to strengthen their knowledge of dance history, to develop their capacities as performers and creators, to enhance the exchange between experienced professionals and young artists and to secure employment for some of them.<\/div>","_en_post_name":"","_en_post_excerpt":"","_en_post_title":"","edit_language":"en"},"acf":[],"_links":{"self":[{"href":"https:\/\/dev2023.foofwa.com\/en\/wp-json\/wp\/v2\/pages\/9600"}],"collection":[{"href":"https:\/\/dev2023.foofwa.com\/en\/wp-json\/wp\/v2\/pages"}],"about":[{"href":"https:\/\/dev2023.foofwa.com\/en\/wp-json\/wp\/v2\/types\/page"}],"author":[{"embeddable":true,"href":"https:\/\/dev2023.foofwa.com\/en\/wp-json\/wp\/v2\/users\/1"}],"replies":[{"embeddable":true,"href":"https:\/\/dev2023.foofwa.com\/en\/wp-json\/wp\/v2\/comments?post=9600"}],"version-history":[{"count":20,"href":"https:\/\/dev2023.foofwa.com\/en\/wp-json\/wp\/v2\/pages\/9600\/revisions"}],"predecessor-version":[{"id":34102,"href":"https:\/\/dev2023.foofwa.com\/en\/wp-json\/wp\/v2\/pages\/9600\/revisions\/34102"}],"wp:attachment":[{"href":"https:\/\/dev2023.foofwa.com\/en\/wp-json\/wp\/v2\/media?parent=9600"}],"curies":[{"name":"wp","href":"https:\/\/api.w.org\/{rel}","templated":true}]}}